{"id":1043,"date":"2020-05-12T12:07:06","date_gmt":"2020-05-12T10:07:06","guid":{"rendered":"http:\/\/cloudces.myds.me\/reda\/icom\/our-locations\/"},"modified":"2025-05-30T14:25:03","modified_gmt":"2025-05-30T12:25:03","slug":"nuestras-ubicaciones","status":"publish","type":"page","link":"https:\/\/icom.com.es\/es\/nuestras-ubicaciones\/","title":{"rendered":"Nuestras ubicaciones"},"content":{"rendered":"<p>[et_pb_section fb_built=\u00bb1&#8243; admin_label=\u00bbHeader\u00bb _builder_version=\u00bb4.16&#8243; background_enable_color=\u00bboff\u00bb background_image=\u00bbhttps:\/\/icom.com.es\/wp-content\/uploads\/2020\/05\/bg-header-03.jpg\u00bb collapsed=\u00bboff\u00bb global_colors_info=\u00bb{}\u00bb][et_pb_row _builder_version=\u00bb4.16&#8243; global_colors_info=\u00bb{}\u00bb][et_pb_column type=\u00bb4_4&#8243; _builder_version=\u00bb4.16&#8243; global_colors_info=\u00bb{}\u00bb][et_pb_post_title meta=\u00bboff\u00bb featured_image=\u00bboff\u00bb text_color=\u00bblight\u00bb _builder_version=\u00bb4.16&#8243; title_font=\u00bb|600||on|||||\u00bb title_text_align=\u00bbcenter\u00bb title_font_size=\u00bb40px\u00bb global_colors_info=\u00bb{}\u00bb][\/et_pb_post_title][\/et_pb_column][\/et_pb_row][\/et_pb_section][et_pb_section fb_built=\u00bb1&#8243; module_class=\u00bbhide-mobile\u00bb _builder_version=\u00bb4.16&#8243; background_enable_image=\u00bboff\u00bb background_size=\u00bbinitial\u00bb height=\u00bb892px\u00bb global_colors_info=\u00bb{}\u00bb][et_pb_row _builder_version=\u00bb4.16&#8243; global_colors_info=\u00bb{}\u00bb][et_pb_column type=\u00bb4_4&#8243; _builder_version=\u00bb4.16&#8243; global_colors_info=\u00bb{}\u00bb][et_pb_image src=\u00bbhttps:\/\/icom.com.es\/wp-content\/uploads\/2025\/05\/map-1.jpg\u00bb alt=\u00bbWorld map\u00bb title_text=\u00bbmap-1&#8243; module_class=\u00bbno-zoom\u00bb _builder_version=\u00bb4.27.4&#8243; hover_enabled=\u00bb0&#8243; global_colors_info=\u00bb{}\u00bb sticky_enabled=\u00bb0&#8243;][\/et_pb_image][et_pb_text _builder_version=\u00bb4.27.4&#8243; custom_css_main_element=\u00bbposition: absolute;||top: 0;\u00bb global_colors_info=\u00bb{}\u00bb]<\/p>\n<div id=\"lc-morocco\" class=\"location\">\n<div class=\"name\">Marruecos<\/div>\n<div class=\"details\">Tel\u00e9fono : +212661053753<br \/>Email : sales@icom.com.es<\/div>\n<\/div>\n<div id=\"lc-spain\" class=\"location\">\n<div class=\"name\">Espa\u00f1a<\/div>\n<div class=\"details\">Av. Venecia, 7, 11205 Algeciras, C\u00e1diz, Espa\u00f1a<br \/>Tel\u00e9fono : +34 956 66 11 86<br \/>E-mail: sales@icom.com.es<\/div>\n<\/div>\n<div id=\"lc-mauritania\" class=\"location\">\n<div class=\"name\">Mauritania<\/div>\n<div class=\"details\"><b>Eurogrues du sahel<\/b><br \/>Tevragh zeina ilot k ext s4,<br \/>lot 0011 , Nouakchott<br \/>Tel\u00e9fono : +222 49 84 49 81<br \/>Email : sales@icom.com.es<\/div>\n<\/div>\n<div id=\"lc-senegal\" class=\"location\">\n<div class=\"name\">Senegal<\/div>\n<div class=\"details\"><b>Eurogrues Senegal<\/b><br \/>Km 4, Bd du centenaire de Dakar,<br \/>BP 3531, Dakar<br \/>Tel\u00e9fono : +221 7 77 98 24 58<br \/>Email : sales@icom.com.es<\/div>\n<\/div>\n<div id=\"lc-guinea-conakry\" class=\"location\">\n<div class=\"name\">Guinea Conakry<\/div>\n<div class=\"details\"><b>Eurogrues Guinea Conakry<\/b><br \/>Tel\u00e9fono : +212661053753<br \/>Email : sales@icom.com.es<\/div>\n<\/div>\n<div id=\"lc-ivory-coast\" class=\"location\">\n<div class=\"name\">Costa de Marfil<\/div>\n<div class=\"details\"><b>Eurogrues Costa de Marfil<\/b><br \/>Tel\u00e9fono : +212661053753<br \/>Email : sales@icom.com.es<\/div>\n<\/div>\n<div id=\"lc-ghana\" class=\"location\">\n<div class=\"name\">Ghana<\/div>\n<div class=\"details\"><b>Eurogrues Ghana<\/b><br \/>Tel\u00e9fono : +212661053753<br \/>Email : sales@icom.com.es<\/div>\n<\/div>\n<div id=\"lc-nigeria\" class=\"location\">\n<div class=\"name\">Nigeria<\/div>\n<div class=\"details\"><b>Eurogrues Nigeria<\/b><br \/>39b, feni okunnu road,<br \/>ikoyi, lagos<br \/>Email : sales@icom.com.es<\/div>\n<\/div>\n<div id=\"lc-equatorial-guinea\" class=\"location\">\n<div class=\"name\">Guinea Ecuatorial<\/div>\n<div class=\"details\"><b>Eurogrues Guinea Ecuatorial<\/b><br \/>ntobo, 00240, bata<br \/>Tel\u00e9fono : +240 5 55 16 01 40<br \/>Email : sales@icom.com.es<\/div>\n<\/div>\n<p>[\/et_pb_text][\/et_pb_column][\/et_pb_row][\/et_pb_section][et_pb_section fb_built=\u00bb1&#8243; admin_label=\u00bbCTA\u00bb _builder_version=\u00bb4.16&#8243; background_color=\u00bbrgba(0,69,122,0.04)\u00bb background_image=\u00bbhttps:\/\/icom.com.es\/wp-content\/uploads\/2020\/04\/bg-cta.jpg\u00bb background_blend=\u00bbdarken\u00bb custom_margin=\u00bb0px||0px||true|false\u00bb custom_padding=\u00bb0px||0px||true|false\u00bb saved_tabs=\u00bball\u00bb collapsed=\u00bbon\u00bb global_colors_info=\u00bb{}\u00bb][et_pb_row _builder_version=\u00bb4.16&#8243; custom_margin=\u00bb0px||0px||true|false\u00bb custom_padding=\u00bb0px||0px||true|false\u00bb global_colors_info=\u00bb{}\u00bb][et_pb_column type=\u00bb4_4&#8243; _builder_version=\u00bb4.16&#8243; global_colors_info=\u00bb{}\u00bb][et_pb_cta title=\u00bbSoluciones adaptadas a sus necesidades !\u00bb button_url=\u00bb@ET-DC@eyJkeW5hbWljIjp0cnVlLCJjb250ZW50IjoicG9zdF9saW5rX3VybF9wYWdlIiwic2V0dGluZ3MiOnsicG9zdF9pZCI6Ijc0NyJ9fQ==@\u00bb button_text=\u00bbNuestras soluciones\u00bb admin_label=\u00bbCTA\u00bb _builder_version=\u00bb4.16&#8243; _dynamic_attributes=\u00bbbutton_url\u00bb background_enable_color=\u00bboff\u00bb background_enable_image=\u00bboff\u00bb background_blend=\u00bbdarken\u00bb custom_button=\u00bbon\u00bb button_text_color=\u00bb#ffffff\u00bb button_bg_color=\u00bb#ae0531&#8243; button_border_color=\u00bb#ae0531&#8243; custom_padding=\u00bb15vh||15vh||true|false\u00bb global_colors_info=\u00bb{}\u00bb]<\/p>\n<p>explore nuestras soluciones y encontrar la que mejor se adapte a sus necesidades<\/p>\n<p>[\/et_pb_cta][\/et_pb_column][\/et_pb_row][\/et_pb_section][et_pb_section fb_built=\u00bb1&#8243; module_class=\u00bbhide-medium-up\u00bb _builder_version=\u00bb4.16&#8243; background_color=\u00bbrgba(255,255,255,0.25)\u00bb background_image=\u00bbhttps:\/\/icom.com.es\/wp-content\/uploads\/2020\/05\/map-location.svg\u00bb background_blend=\u00bboverlay\u00bb global_colors_info=\u00bb{}\u00bb][et_pb_row column_structure=\u00bb1_3,1_3,1_3&#8243; _builder_version=\u00bb4.16&#8243; custom_margin=\u00bb||20px||false|false\u00bb custom_padding=\u00bb||40px||false|false\u00bb animation_style=\u00bbslide\u00bb animation_direction=\u00bbbottom\u00bb animation_intensity_slide=\u00bb10%\u00bb border_width_bottom=\u00bb1px\u00bb border_color_bottom=\u00bb#ccc\u00bb global_colors_info=\u00bb{}\u00bb][et_pb_column type=\u00bb1_3&#8243; _builder_version=\u00bb4.16&#8243; global_colors_info=\u00bb{}\u00bb][et_pb_blurb title=\u00bbSenegal\u00bb use_icon=\u00bbon\u00bb font_icon=\u00bb&#xe01d;||divi||400&#8243; icon_color=\u00bb#ae0531&#8243; icon_placement=\u00bbleft\u00bb image_icon_width=\u00bb20px\u00bb admin_label=\u00bbSenegal\u00bb _builder_version=\u00bb4.16&#8243; header_level=\u00bbh5&#8243; header_font=\u00bb|||on|||||\u00bb custom_padding=\u00bb||||true|true\u00bb animation=\u00bbbottom\u00bb icon_font_size=\u00bb20px\u00bb global_colors_info=\u00bb{}\u00bb]<\/p>\n<h5><strong>Eurogrues Senegal<\/strong><\/h5>\n<p>Km 4, Bd du centenaire de Dakar,<br \/>BP 3531, Dakar<br \/>T\u00e9l. : +221 7 77 98 24 58<\/p>\n<p>[\/et_pb_blurb][\/et_pb_column][et_pb_column type=\u00bb1_3&#8243; _builder_version=\u00bb4.16&#8243; global_colors_info=\u00bb{}\u00bb][et_pb_blurb title=\u00bbMauritania\u00bb use_icon=\u00bbon\u00bb font_icon=\u00bb&#xe01d;||divi||400&#8243; icon_color=\u00bb#ae0531&#8243; icon_placement=\u00bbleft\u00bb image_icon_width=\u00bb20px\u00bb admin_label=\u00bbMauritania\u00bb _builder_version=\u00bb4.16&#8243; header_level=\u00bbh5&#8243; header_font=\u00bb|||on|||||\u00bb custom_padding=\u00bb||||true|true\u00bb animation=\u00bbbottom\u00bb icon_font_size=\u00bb20px\u00bb global_colors_info=\u00bb{}\u00bb]<\/p>\n<h5>Eurogrues du sahel<\/h5>\n<p>Tevragh zeina ilot k ext s4,<br \/>lot 0011 ,\u00a0 Nouakchott<br \/>T\u00e9l. : +222 49 84 49 81<\/p>\n<p>[\/et_pb_blurb][\/et_pb_column][et_pb_column type=\u00bb1_3&#8243; _builder_version=\u00bb4.16&#8243; global_colors_info=\u00bb{}\u00bb][et_pb_blurb title=\u00bbEquatorial Guinea\u00bb use_icon=\u00bbon\u00bb font_icon=\u00bb&#xe01d;||divi||400&#8243; icon_color=\u00bb#ae0531&#8243; icon_placement=\u00bbleft\u00bb image_icon_width=\u00bb20px\u00bb admin_label=\u00bbEquatorial Guinea\u00bb _builder_version=\u00bb4.16&#8243; header_level=\u00bbh5&#8243; header_font=\u00bb|||on|||||\u00bb custom_padding=\u00bb||||true|true\u00bb animation=\u00bbbottom\u00bb icon_font_size=\u00bb20px\u00bb global_colors_info=\u00bb{}\u00bb]<\/p>\n<h5><strong>Eurogrues Equatorial Guinea<\/strong><\/h5>\n<p>ntobo, 00240, bata<br \/>T\u00e9l. : +240 5 55 16 01 40<\/p>\n<p>[\/et_pb_blurb][\/et_pb_column][\/et_pb_row][et_pb_row column_structure=\u00bb1_3,1_3,1_3&#8243; _builder_version=\u00bb4.16&#8243; custom_margin=\u00bb||20px||false|false\u00bb custom_padding=\u00bb||40px||false|false\u00bb animation_style=\u00bbslide\u00bb animation_direction=\u00bbbottom\u00bb animation_intensity_slide=\u00bb10%\u00bb border_width_bottom=\u00bb1px\u00bb border_color_bottom=\u00bb#ccc\u00bb global_colors_info=\u00bb{}\u00bb][et_pb_column type=\u00bb1_3&#8243; _builder_version=\u00bb4.16&#8243; global_colors_info=\u00bb{}\u00bb][et_pb_blurb title=\u00bbNigeria\u00bb use_icon=\u00bbon\u00bb font_icon=\u00bb&#xe01d;||divi||400&#8243; icon_color=\u00bb#ae0531&#8243; icon_placement=\u00bbleft\u00bb image_icon_width=\u00bb20px\u00bb admin_label=\u00bbNigeria\u00bb _builder_version=\u00bb4.16&#8243; header_level=\u00bbh5&#8243; header_font=\u00bb|||on|||||\u00bb custom_padding=\u00bb||||true|true\u00bb animation=\u00bbbottom\u00bb icon_font_size=\u00bb20px\u00bb global_colors_info=\u00bb{}\u00bb]<\/p>\n<h5><strong>Eurogrues Nigeria<\/strong><\/h5>\n<p>39b, feni okunnu road,<br \/>ikoyi, lagos<\/p>\n<p>[\/et_pb_blurb][\/et_pb_column][et_pb_column type=\u00bb1_3&#8243; _builder_version=\u00bb4.16&#8243; global_colors_info=\u00bb{}\u00bb][et_pb_blurb title=\u00bbGuinea Conakry\u00bb use_icon=\u00bbon\u00bb font_icon=\u00bb&#xe01d;||divi||400&#8243; icon_color=\u00bb#ae0531&#8243; icon_placement=\u00bbleft\u00bb image_icon_width=\u00bb20px\u00bb admin_label=\u00bbGuinea Conakry\u00bb _builder_version=\u00bb4.16&#8243; header_level=\u00bbh5&#8243; header_font=\u00bb|||on|||||\u00bb custom_padding=\u00bb||||true|true\u00bb animation=\u00bbbottom\u00bb icon_font_size=\u00bb20px\u00bb global_colors_info=\u00bb{}\u00bb]<\/p>\n<h5><strong>Eurogrues Guinea Conakry<\/strong><\/h5>\n<p>T\u00e9l. : +212661053753<br \/>Email : <a href=\"mailto:&#109;&#98;&#105;&#108;&#97;&#108;&#64;&#101;ur&#111;&#103;ru&#101;safr&#105;q&#117;e.c&#111;&#109;\">m&#98;&#105;l&#97;l&#64;&#101;u&#114;og&#114;u&#101;safr&#105;&#113;&#117;e.&#99;&#111;&#109;<\/a><\/p>\n<p>[\/et_pb_blurb][\/et_pb_column][et_pb_column type=\u00bb1_3&#8243; _builder_version=\u00bb4.16&#8243; global_colors_info=\u00bb{}\u00bb][et_pb_blurb title=\u00bbIvory Coast\u00bb use_icon=\u00bbon\u00bb font_icon=\u00bb&#xe01d;||divi||400&#8243; icon_color=\u00bb#ae0531&#8243; icon_placement=\u00bbleft\u00bb image_icon_width=\u00bb20px\u00bb admin_label=\u00bbIvory Coast\u00bb _builder_version=\u00bb4.16&#8243; header_level=\u00bbh5&#8243; header_font=\u00bb|||on|||||\u00bb custom_padding=\u00bb||||true|true\u00bb animation=\u00bbbottom\u00bb icon_font_size=\u00bb20px\u00bb global_colors_info=\u00bb{}\u00bb]<\/p>\n<h5><strong>Eurogrues Ivory Coast<\/strong><\/h5>\n<p>T\u00e9l. : +212661053753<br \/>Email : <a href=\"mailto:&#109;b&#105;&#108;&#97;&#108;&#64;e&#117;&#114;o&#103;&#114;&#117;&#101;sa&#102;r&#105;&#113;&#117;e.&#99;om\">m&#98;&#105;&#108;a&#108;&#64;&#101;urog&#114;uesa&#102;&#114;&#105;q&#117;e.c&#111;m<\/a><\/p>\n<p>[\/et_pb_blurb][\/et_pb_column][\/et_pb_row][et_pb_row column_structure=\u00bb1_3,1_3,1_3&#8243; _builder_version=\u00bb4.16&#8243; custom_margin=\u00bb||20px||false|false\u00bb custom_padding=\u00bb||40px||false|false\u00bb animation_style=\u00bbslide\u00bb animation_direction=\u00bbbottom\u00bb animation_intensity_slide=\u00bb10%\u00bb global_colors_info=\u00bb{}\u00bb][et_pb_column type=\u00bb1_3&#8243; _builder_version=\u00bb4.16&#8243; global_colors_info=\u00bb{}\u00bb][et_pb_blurb title=\u00bbGhana\u00bb use_icon=\u00bbon\u00bb font_icon=\u00bb&#xe01d;||divi||400&#8243; icon_color=\u00bb#ae0531&#8243; icon_placement=\u00bbleft\u00bb image_icon_width=\u00bb20px\u00bb admin_label=\u00bbGhana\u00bb _builder_version=\u00bb4.16&#8243; header_level=\u00bbh5&#8243; header_font=\u00bb|||on|||||\u00bb custom_padding=\u00bb||||true|true\u00bb animation=\u00bbbottom\u00bb icon_font_size=\u00bb20px\u00bb global_colors_info=\u00bb{}\u00bb]<\/p>\n<h5><strong>Eurogrues Ghana<\/strong><\/h5>\n<p>T\u00e9l. : +212661053753<br \/>Email : <a href=\"mailto:&#109;bi&#108;al&#64;eur&#111;&#103;&#114;ue&#115;&#97;&#102;ri&#113;u&#101;.c&#111;&#109;\">mb&#105;la&#108;&#64;eur&#111;&#103;&#114;&#117;e&#115;af&#114;&#105;&#113;ue&#46;c&#111;&#109;<\/a><\/p>\n<p>[\/et_pb_blurb][\/et_pb_column][et_pb_column type=\u00bb1_3&#8243; _builder_version=\u00bb4.16&#8243; global_colors_info=\u00bb{}\u00bb][\/et_pb_column][et_pb_column type=\u00bb1_3&#8243; _builder_version=\u00bb4.16&#8243; global_colors_info=\u00bb{}\u00bb][\/et_pb_column][\/et_pb_row][\/et_pb_section]<\/p>\n","protected":false},"excerpt":{"rendered":"<p>Marruecos Tel\u00e9fono : +212661053753Email : sales@icom.com.es Espa\u00f1a Av. Venecia, 7, 11205 Algeciras, C\u00e1diz, Espa\u00f1aTel\u00e9fono : +34 956 66 11 86E-mail: sales@icom.com.es Mauritania Eurogrues du sahelTevragh zeina ilot k ext s4,lot 0011 , NouakchottTel\u00e9fono : +222 49 84 49 81Email : sales@icom.com.es Senegal Eurogrues SenegalKm 4, Bd du centenaire de Dakar,BP 3531, DakarTel\u00e9fono : +221 7 [&hellip;]<\/p>\n","protected":false},"author":5,"featured_media":0,"parent":0,"menu_order":39,"comment_status":"closed","ping_status":"closed","template":"","meta":{"_et_pb_use_builder":"on","_et_pb_old_content":"","_et_gb_content_width":"","footnotes":""},"class_list":["post-1043","page","type-page","status-publish","hentry"],"_links":{"self":[{"href":"https:\/\/icom.com.es\/es\/wp-json\/wp\/v2\/pages\/1043","targetHints":{"allow":["GET"]}}],"collection":[{"href":"https:\/\/icom.com.es\/es\/wp-json\/wp\/v2\/pages"}],"about":[{"href":"https:\/\/icom.com.es\/es\/wp-json\/wp\/v2\/types\/page"}],"author":[{"embeddable":true,"href":"https:\/\/icom.com.es\/es\/wp-json\/wp\/v2\/users\/5"}],"replies":[{"embeddable":true,"href":"https:\/\/icom.com.es\/es\/wp-json\/wp\/v2\/comments?post=1043"}],"version-history":[{"count":1,"href":"https:\/\/icom.com.es\/es\/wp-json\/wp\/v2\/pages\/1043\/revisions"}],"predecessor-version":[{"id":2076,"href":"https:\/\/icom.com.es\/es\/wp-json\/wp\/v2\/pages\/1043\/revisions\/2076"}],"wp:attachment":[{"href":"https:\/\/icom.com.es\/es\/wp-json\/wp\/v2\/media?parent=1043"}],"curies":[{"name":"wp","href":"https:\/\/api.w.org\/{rel}","templated":true}]}}