{"id":1046,"date":"2020-04-29T14:46:13","date_gmt":"2020-04-29T12:46:13","guid":{"rendered":"http:\/\/cloudces.myds.me\/reda\/icom\/about-us\/"},"modified":"2020-05-29T15:27:19","modified_gmt":"2020-05-29T13:27:19","slug":"nosotros","status":"publish","type":"page","link":"https:\/\/icom.com.es\/es\/nosotros\/","title":{"rendered":"Nosotros"},"content":{"rendered":"<p>[et_pb_section fb_built=\u00bb1&#8243; admin_label=\u00bbHeader\u00bb _builder_version=\u00bb4.4.6&#8243; background_enable_color=\u00bboff\u00bb background_image=\u00bbhttps:\/\/icom.com.es\/wp-content\/uploads\/2020\/05\/bg-header-03.jpg\u00bb collapsed=\u00bbon\u00bb][et_pb_row _builder_version=\u00bb4.4.6&#8243;][et_pb_column type=\u00bb4_4&#8243; _builder_version=\u00bb4.4.6&#8243;][et_pb_post_title meta=\u00bboff\u00bb featured_image=\u00bboff\u00bb text_color=\u00bblight\u00bb _builder_version=\u00bb4.4.6&#8243; title_font=\u00bb|600||on|||||\u00bb title_text_align=\u00bbcenter\u00bb title_font_size=\u00bb40px\u00bb][\/et_pb_post_title][\/et_pb_column][\/et_pb_row][\/et_pb_section][et_pb_section fb_built=\u00bb1&#8243; _builder_version=\u00bb4.4.6&#8243;][et_pb_row column_structure=\u00bb1_2,1_2&#8243; _builder_version=\u00bb4.4.6&#8243; animation_direction=\u00bbbottom\u00bb][et_pb_column type=\u00bb1_2&#8243; _builder_version=\u00bb4.4.6&#8243;][et_pb_image src=\u00bbhttps:\/\/icom.com.es\/wp-content\/uploads\/2020\/05\/about-icom.jpg\u00bb title_text=\u00bbabout-icom\u00bb _builder_version=\u00bb4.4.6&#8243; animation_style=\u00bbslide\u00bb animation_direction=\u00bbbottom\u00bb][\/et_pb_image][\/et_pb_column][et_pb_column type=\u00bb1_2&#8243; _builder_version=\u00bb4.4.6&#8243;][et_pb_text admin_label=\u00bbTitre\u00bb _builder_version=\u00bb4.4.6&#8243; header_font=\u00bb|300|||||||\u00bb header_text_color=\u00bb#0a2c71&#8243; header_3_font=\u00bb|300||on|||||\u00bb header_3_text_align=\u00bbleft\u00bb header_3_text_color=\u00bb#0a2c71&#8243; header_3_font_size=\u00bb30px\u00bb header_3_line_height=\u00bb1.5em\u00bb custom_margin=\u00bb||0px||false|false\u00bb]<\/p>\n<h3>NUESTRA<strong> HISTORIA<\/strong><\/h3>\n<p>[\/et_pb_text][et_pb_divider color=\u00bb#ae0531&#8243; divider_weight=\u00bb2px\u00bb _builder_version=\u00bb4.4.4&#8243; width=\u00bb80px\u00bb module_alignment=\u00bbleft\u00bb custom_margin=\u00bb||||false|false\u00bb custom_padding=\u00bb||||false|false\u00bb animation_style=\u00bbslide\u00bb animation_direction=\u00bbbottom\u00bb locked=\u00bboff\u00bb][\/et_pb_divider][et_pb_text _builder_version=\u00bb4.4.6&#8243; animation_style=\u00bbslide\u00bb animation_direction=\u00bbbottom\u00bb animation_duration=\u00bb1050ms\u00bb]<\/p>\n<p>Creada en 2013 por el <strong>Sr. Jos\u00e9 Antonio Moreno Ortega<\/strong>, Socio Fundador y promotor de <strong>EUROGRUAS &amp; EUROGRUES GROUP, ICOM<\/strong> se propuso ser una empresa multiservicio l\u00edder en el campo de <strong>la ingenier\u00eda de elevaci\u00f3n, venta de repuestos para empresas de servicios de alquiler de gr\u00faas y plataformas, venta de equipos de elevaci\u00f3n y manipulaci\u00f3n nuevos y usados as\u00ed como la venta de una amplia gama de accesorios industriales y de seguridad.<\/strong><\/p>\n<p>ICOM tiene su sede en Espa\u00f1a, cerca del puerto de Algeciras, una excelente ubicaci\u00f3n para servir cualquier lugar del mundo.<\/p>\n<p>[\/et_pb_text][\/et_pb_column][\/et_pb_row][et_pb_row _builder_version=\u00bb4.4.4&#8243; custom_padding=\u00bb||1px|||\u00bb][et_pb_column type=\u00bb4_4&#8243; _builder_version=\u00bb4.4.4&#8243;][et_pb_text admin_label=\u00bbTitre\u00bb _builder_version=\u00bb4.4.6&#8243; header_font=\u00bb|300|||||||\u00bb header_text_color=\u00bb#0a2c71&#8243; header_3_font=\u00bb|300||on|||||\u00bb header_3_text_align=\u00bbleft\u00bb header_3_text_color=\u00bb#0a2c71&#8243; header_3_font_size=\u00bb30px\u00bb header_3_line_height=\u00bb1.5em\u00bb custom_margin=\u00bb||0px||false|false\u00bb]<\/p>\n<h3>NUESTRA<strong> <\/strong><strong>MISI\u00d3N<\/strong><\/h3>\n<p>[\/et_pb_text][et_pb_divider color=\u00bb#ae0531&#8243; divider_weight=\u00bb2px\u00bb _builder_version=\u00bb4.4.4&#8243; width=\u00bb80px\u00bb module_alignment=\u00bbleft\u00bb custom_margin=\u00bb||||false|false\u00bb custom_padding=\u00bb||||false|false\u00bb animation_style=\u00bbslide\u00bb animation_direction=\u00bbbottom\u00bb locked=\u00bboff\u00bb][\/et_pb_divider][\/et_pb_column][\/et_pb_row][et_pb_row _builder_version=\u00bb4.4.6&#8243;][et_pb_column type=\u00bb4_4&#8243; _builder_version=\u00bb4.4.6&#8243;][et_pb_text _builder_version=\u00bb4.4.6&#8243;]<\/p>\n<ul>\n<li>Proporcionar soluciones de seguridad de contratos de alta calidad y para las empresas de elevaci\u00f3n y manipulaci\u00f3n<\/li>\n<li>Crear y cultivar relaciones a largo plazo con los clientes<\/li>\n<li>Responder proactivamente a la evoluci\u00f3n de las necesidades de nuestro cliente<\/li>\n<li>Lograr la completa satisfacci\u00f3n del cliente<\/li>\n<li>Mejorar nuestros servicios continuamente<\/li>\n<li>Mantener una relaci\u00f3n profesional con nuestros dedicados guardias, fomentando la comunicaci\u00f3n continua para lograr el m\u00e1s alto nivel de rendimiento<\/li>\n<\/ul>\n<p>[\/et_pb_text][\/et_pb_column][\/et_pb_row][et_pb_row column_structure=\u00bb1_2,1_2&#8243; _builder_version=\u00bb4.4.4&#8243; custom_padding=\u00bb||25px|||\u00bb][et_pb_column type=\u00bb1_2&#8243; _builder_version=\u00bb4.4.4&#8243;][et_pb_text admin_label=\u00bbTitre\u00bb _builder_version=\u00bb4.4.6&#8243; header_font=\u00bb|300|||||||\u00bb header_text_color=\u00bb#0a2c71&#8243; header_3_font=\u00bb|300||on|||||\u00bb header_3_text_align=\u00bbleft\u00bb header_3_text_color=\u00bb#0a2c71&#8243; header_3_font_size=\u00bb30px\u00bb header_3_line_height=\u00bb1.5em\u00bb custom_margin=\u00bb||0px||false|false\u00bb]<\/p>\n<h3>NUESTROS\u00a0<strong>VALORES<\/strong><\/h3>\n<p>[\/et_pb_text][et_pb_divider color=\u00bb#ae0531&#8243; divider_weight=\u00bb2px\u00bb _builder_version=\u00bb4.4.6&#8243; width=\u00bb80px\u00bb module_alignment=\u00bbleft\u00bb custom_margin=\u00bb||||false|false\u00bb custom_padding=\u00bb||||false|false\u00bb animation_style=\u00bbslide\u00bb animation_direction=\u00bbbottom\u00bb locked=\u00bboff\u00bb][\/et_pb_divider][\/et_pb_column][et_pb_column type=\u00bb1_2&#8243; _builder_version=\u00bb4.4.4&#8243;][et_pb_text admin_label=\u00bbTitre\u00bb _builder_version=\u00bb4.4.6&#8243; header_font=\u00bb|300|||||||\u00bb header_text_color=\u00bb#0a2c71&#8243; header_3_font=\u00bb|300||on|||||\u00bb header_3_text_align=\u00bbleft\u00bb header_3_text_color=\u00bb#0a2c71&#8243; header_3_font_size=\u00bb30px\u00bb header_3_line_height=\u00bb1.5em\u00bb custom_margin=\u00bb||0px||false|false\u00bb]<\/p>\n<h3>ICOM EST\u00c1\u00a0<strong style=\"font-size: 30px;\">certificado ISO9001<\/strong><\/h3>\n<p>[\/et_pb_text][et_pb_divider color=\u00bb#ae0531&#8243; divider_weight=\u00bb2px\u00bb _builder_version=\u00bb4.4.4&#8243; width=\u00bb80px\u00bb module_alignment=\u00bbleft\u00bb custom_margin=\u00bb||||false|false\u00bb custom_padding=\u00bb||||false|false\u00bb animation_style=\u00bbslide\u00bb animation_direction=\u00bbbottom\u00bb locked=\u00bboff\u00bb][\/et_pb_divider][\/et_pb_column][\/et_pb_row][et_pb_row column_structure=\u00bb1_2,1_2&#8243; _builder_version=\u00bb4.4.4&#8243; custom_padding=\u00bb||25px|||\u00bb][et_pb_column type=\u00bb1_2&#8243; _builder_version=\u00bb4.4.4&#8243;][et_pb_blurb title=\u00bbEnfoque en el cliente\u00bb use_icon=\u00bbon\u00bb font_icon=\u00bb%%45%%\u00bb icon_color=\u00bb#ae0531&#8243; icon_placement=\u00bbleft\u00bb use_icon_font_size=\u00bbon\u00bb icon_font_size=\u00bb25px\u00bb _builder_version=\u00bb4.4.6&#8243; custom_margin=\u00bb||15px||false|false\u00bb][\/et_pb_blurb][et_pb_blurb title=\u00bbIntegridad\u00bb use_icon=\u00bbon\u00bb font_icon=\u00bb%%45%%\u00bb icon_color=\u00bb#ae0531&#8243; icon_placement=\u00bbleft\u00bb use_icon_font_size=\u00bbon\u00bb icon_font_size=\u00bb25px\u00bb _builder_version=\u00bb4.4.6&#8243; custom_margin=\u00bb||15px||false|false\u00bb][\/et_pb_blurb][et_pb_blurb title=\u00bbCalidad\u00bb use_icon=\u00bbon\u00bb font_icon=\u00bb%%45%%\u00bb icon_color=\u00bb#ae0531&#8243; icon_placement=\u00bbleft\u00bb use_icon_font_size=\u00bbon\u00bb icon_font_size=\u00bb25px\u00bb _builder_version=\u00bb4.4.6&#8243; custom_margin=\u00bb||15px||false|false\u00bb][\/et_pb_blurb][et_pb_blurb title=\u00bbHonestidade y estabilidad\u00bb use_icon=\u00bbon\u00bb font_icon=\u00bb%%45%%\u00bb icon_color=\u00bb#ae0531&#8243; icon_placement=\u00bbleft\u00bb use_icon_font_size=\u00bbon\u00bb icon_font_size=\u00bb25px\u00bb _builder_version=\u00bb4.4.6&#8243; custom_margin=\u00bb||15px||false|false\u00bb][\/et_pb_blurb][et_pb_blurb title=\u00bbOrientaci\u00f3n resultado\u00bb use_icon=\u00bbon\u00bb font_icon=\u00bb%%45%%\u00bb icon_color=\u00bb#ae0531&#8243; icon_placement=\u00bbleft\u00bb use_icon_font_size=\u00bbon\u00bb icon_font_size=\u00bb25px\u00bb _builder_version=\u00bb4.4.6&#8243;][\/et_pb_blurb][\/et_pb_column][et_pb_column type=\u00bb1_2&#8243; _builder_version=\u00bb4.4.4&#8243;][et_pb_image src=\u00bbhttps:\/\/icom.com.es\/wp-content\/uploads\/2020\/05\/iso-9001.jpg\u00bb title_text=\u00bbiso-9001&#8243; _builder_version=\u00bb4.4.6&#8243;][\/et_pb_image][\/et_pb_column][\/et_pb_row][\/et_pb_section][et_pb_section fb_built=\u00bb1&#8243; admin_label=\u00bbCTA\u00bb _builder_version=\u00bb4.4.6&#8243; background_color=\u00bbrgba(0,69,122,0.04)\u00bb background_image=\u00bbhttps:\/\/icom.com.es\/wp-content\/uploads\/2020\/04\/bg-cta.jpg\u00bb background_blend=\u00bbdarken\u00bb custom_margin=\u00bb0px||0px||true|false\u00bb custom_padding=\u00bb0px||0px||true|false\u00bb saved_tabs=\u00bball\u00bb collapsed=\u00bbon\u00bb][et_pb_row _builder_version=\u00bb4.4.4&#8243; custom_margin=\u00bb0px||0px||true|false\u00bb custom_padding=\u00bb0px||0px||true|false\u00bb][et_pb_column type=\u00bb4_4&#8243; _builder_version=\u00bb4.4.4&#8243;][et_pb_cta title=\u00bbSoluciones adaptadas a sus necesidades !\u00bb button_url=\u00bb@ET-DC@eyJkeW5hbWljIjp0cnVlLCJjb250ZW50IjoicG9zdF9saW5rX3VybF9wYWdlIiwic2V0dGluZ3MiOnsicG9zdF9pZCI6Ijc0NyJ9fQ==@\u00bb button_text=\u00bbNuestras soluciones\u00bb admin_label=\u00bbCTA\u00bb _builder_version=\u00bb4.4.6&#8243; _dynamic_attributes=\u00bbbutton_url\u00bb background_enable_color=\u00bboff\u00bb background_enable_image=\u00bboff\u00bb background_blend=\u00bbdarken\u00bb custom_button=\u00bbon\u00bb button_text_color=\u00bb#ffffff\u00bb button_bg_color=\u00bb#ae0531&#8243; button_border_color=\u00bb#ae0531&#8243; custom_padding=\u00bb15vh||15vh||true|false\u00bb]<\/p>\n<p>Explore nuestras soluciones y encuentre la que mejor se adapte a sus necesidades<\/p>\n<p>[\/et_pb_cta][\/et_pb_column][\/et_pb_row][\/et_pb_section]<\/p>\n","protected":false},"excerpt":{"rendered":"<p>NUESTRA HISTORIACreada en 2013 por el Sr. Jos\u00e9 Antonio Moreno Ortega, Socio Fundador y promotor de EUROGRUAS &amp; EUROGRUES GROUP, ICOM se propuso ser una empresa multiservicio l\u00edder en el campo de la ingenier\u00eda de elevaci\u00f3n, venta de repuestos para empresas de servicios de alquiler de gr\u00faas y plataformas, venta de equipos de elevaci\u00f3n y [&hellip;]<\/p>\n","protected":false},"author":5,"featured_media":0,"parent":0,"menu_order":4,"comment_status":"closed","ping_status":"closed","template":"","meta":{"_et_pb_use_builder":"on","_et_pb_old_content":"","_et_gb_content_width":"","footnotes":""},"class_list":["post-1046","page","type-page","status-publish","hentry"],"_links":{"self":[{"href":"https:\/\/icom.com.es\/es\/wp-json\/wp\/v2\/pages\/1046","targetHints":{"allow":["GET"]}}],"collection":[{"href":"https:\/\/icom.com.es\/es\/wp-json\/wp\/v2\/pages"}],"about":[{"href":"https:\/\/icom.com.es\/es\/wp-json\/wp\/v2\/types\/page"}],"author":[{"embeddable":true,"href":"https:\/\/icom.com.es\/es\/wp-json\/wp\/v2\/users\/5"}],"replies":[{"embeddable":true,"href":"https:\/\/icom.com.es\/es\/wp-json\/wp\/v2\/comments?post=1046"}],"version-history":[{"count":0,"href":"https:\/\/icom.com.es\/es\/wp-json\/wp\/v2\/pages\/1046\/revisions"}],"wp:attachment":[{"href":"https:\/\/icom.com.es\/es\/wp-json\/wp\/v2\/media?parent=1046"}],"curies":[{"name":"wp","href":"https:\/\/api.w.org\/{rel}","templated":true}]}}