{"id":1014,"date":"2020-05-13T12:43:56","date_gmt":"2020-05-13T10:43:56","guid":{"rendered":"http:\/\/cloudces.myds.me\/reda\/icom\/personal-protection-equipment-ppe\/"},"modified":"2025-05-30T13:18:26","modified_gmt":"2025-05-30T11:18:26","slug":"equipement-de-protection-individuelle-ppe","status":"publish","type":"page","link":"https:\/\/icom.com.es\/fr\/produits-services\/equipement-de-protection-individuelle-ppe\/","title":{"rendered":"\u00c9quipement de protection individuelle (PPE)"},"content":{"rendered":"<p>[et_pb_section fb_built=\u00a0\u00bb1&Prime; admin_label=\u00a0\u00bbHeader\u00a0\u00bb _builder_version=\u00a0\u00bb4.16&Prime; background_enable_color=\u00a0\u00bboff\u00a0\u00bb background_image=\u00a0\u00bbhttps:\/\/icom.com.es\/wp-content\/uploads\/2020\/05\/bg-header-03.jpg\u00a0\u00bb saved_tabs=\u00a0\u00bball\u00a0\u00bb collapsed=\u00a0\u00bboff\u00a0\u00bb global_colors_info=\u00a0\u00bb{}\u00a0\u00bb][et_pb_row _builder_version=\u00a0\u00bb4.16&Prime; global_colors_info=\u00a0\u00bb{}\u00a0\u00bb][et_pb_column type=\u00a0\u00bb4_4&Prime; _builder_version=\u00a0\u00bb4.16&Prime; global_colors_info=\u00a0\u00bb{}\u00a0\u00bb][et_pb_text admin_label=\u00a0\u00bbProduct &#038; services\u00a0\u00bb _builder_version=\u00a0\u00bb4.16&Prime; header_font=\u00a0\u00bb|600||on|||||\u00a0\u00bb header_text_align=\u00a0\u00bbcenter\u00a0\u00bb header_font_size=\u00a0\u00bb40px\u00a0\u00bb background_layout=\u00a0\u00bbdark\u00a0\u00bb global_colors_info=\u00a0\u00bb{}\u00a0\u00bb]<\/p>\n<h1>Produits &amp; services<\/h1>\n<p>[\/et_pb_text][\/et_pb_column][\/et_pb_row][\/et_pb_section][et_pb_section fb_built=\u00a0\u00bb1&Prime; _builder_version=\u00a0\u00bb4.16&Prime; background_color=\u00a0\u00bbrgba(255,255,255,0.25)\u00a0\u00bb background_image=\u00a0\u00bbhttps:\/\/icom.com.es\/wp-content\/uploads\/2020\/05\/home-hero-bg-bleu.svg\u00a0\u00bb background_size=\u00a0\u00bbcontain\u00a0\u00bb background_position=\u00a0\u00bbtop_center\u00a0\u00bb background_blend=\u00a0\u00bboverlay\u00a0\u00bb custom_padding=\u00a0\u00bb||30px|||\u00a0\u00bb global_colors_info=\u00a0\u00bb{}\u00a0\u00bb][et_pb_row column_structure=\u00a0\u00bb1_2,1_2&Prime; _builder_version=\u00a0\u00bb4.16&Prime; global_colors_info=\u00a0\u00bb{}\u00a0\u00bb][et_pb_column type=\u00a0\u00bb1_2&Prime; _builder_version=\u00a0\u00bb4.16&Prime; global_colors_info=\u00a0\u00bb{}\u00a0\u00bb][et_pb_image src=\u00a0\u00bbhttps:\/\/icom.com.es\/wp-content\/uploads\/2020\/04\/protection-equipment.jpg\u00a0\u00bb title_text=\u00a0\u00bbprotection-equipment\u00a0\u00bb _builder_version=\u00a0\u00bb4.16&Prime; global_colors_info=\u00a0\u00bb{}\u00a0\u00bb][\/et_pb_image][\/et_pb_column][et_pb_column type=\u00a0\u00bb1_2&Prime; _builder_version=\u00a0\u00bb4.16&Prime; global_colors_info=\u00a0\u00bb{}\u00a0\u00bb][et_pb_text admin_label=\u00a0\u00bbTitre\u00a0\u00bb _builder_version=\u00a0\u00bb4.16&Prime; header_font=\u00a0\u00bb|300|||||||\u00a0\u00bb header_text_align=\u00a0\u00bbleft\u00a0\u00bb header_text_color=\u00a0\u00bb#0a2c71&Prime; header_3_font=\u00a0\u00bb|300||on|||||\u00a0\u00bb header_3_text_align=\u00a0\u00bbleft\u00a0\u00bb header_3_text_color=\u00a0\u00bb#0a2c71&Prime; header_3_font_size=\u00a0\u00bb30px\u00a0\u00bb header_3_line_height=\u00a0\u00bb1.5em\u00a0\u00bb header_4_font=\u00a0\u00bb|||on|||||\u00a0\u00bb header_4_text_align=\u00a0\u00bbcenter\u00a0\u00bb custom_margin=\u00a0\u00bb||0px||false|false\u00a0\u00bb global_colors_info=\u00a0\u00bb{}\u00a0\u00bb]<\/p>\n<h3>\u00e9QUIPeMENT de protection <strong>individuelle<\/strong><\/h3>\n<p>[\/et_pb_text][et_pb_divider color=\u00a0\u00bb#ae0531&Prime; divider_weight=\u00a0\u00bb2px\u00a0\u00bb admin_label=\u00a0\u00bbS\u00e9parateur\u00a0\u00bb _builder_version=\u00a0\u00bb4.16&Prime; width=\u00a0\u00bb80px\u00a0\u00bb module_alignment=\u00a0\u00bbleft\u00a0\u00bb custom_margin=\u00a0\u00bb||||false|false\u00a0\u00bb custom_padding=\u00a0\u00bb||||false|false\u00a0\u00bb animation_style=\u00a0\u00bbslide\u00a0\u00bb animation_direction=\u00a0\u00bbbottom\u00a0\u00bb locked=\u00a0\u00bboff\u00a0\u00bb global_colors_info=\u00a0\u00bb{}\u00a0\u00bb][\/et_pb_divider][et_pb_text _builder_version=\u00a0\u00bb4.16&Prime; global_colors_info=\u00a0\u00bb{}\u00a0\u00bb]<\/p>\n<p>Votre s\u00e9curit\u00e9 personnelle est notre affaire et notre plus grande pr\u00e9occupation. Les EPI (\u00e9quipements de protection individuelle) sont essentielles pour la protection de tous les individus sur votre chantier. Il est essentiel de veiller \u00e0 ce que toutes les parties vuln\u00e9rables du corps soient prot\u00e9g\u00e9es par des EPI, notamment la protection de la t\u00eate, des yeux, des oreilles, des voies respiratoires, des mains et des pieds, etc.<\/p>\n<p>[\/et_pb_text][\/et_pb_column][\/et_pb_row][et_pb_row _builder_version=\u00a0\u00bb4.16&Prime; global_colors_info=\u00a0\u00bb{}\u00a0\u00bb][et_pb_column type=\u00a0\u00bb4_4&Prime; _builder_version=\u00a0\u00bb4.16&Prime; global_colors_info=\u00a0\u00bb{}\u00a0\u00bb][et_pb_text _builder_version=\u00a0\u00bb4.16&Prime; global_colors_info=\u00a0\u00bb{}\u00a0\u00bb]<\/p>\n<p><span style=\"font-size: 16px;\">Notre magasin d&rsquo;EPI comprend : la protection des mains, avec une grande vari\u00e9t\u00e9 de gants de protection contre les coupures, la protection des pieds, avec des bottes de s\u00e9curit\u00e9 dot\u00e9es de divers dispositifs de s\u00e9curit\u00e9, la protection des yeux, avec des lunettes de s\u00e9curit\u00e9 et des lunettes de protection, la protection des oreilles, avec des protecteurs auditifs et des bouchons d&rsquo;oreille, ainsi que des v\u00eatements de travail haute visibilit\u00e9 conformes aux r\u00e9glementations de s\u00e9curit\u00e9 n\u00e9cessaires.<\/span><\/p>\n<p>[\/et_pb_text][\/et_pb_column][\/et_pb_row][et_pb_row _builder_version=\u00a0\u00bb4.16&Prime; custom_padding=\u00a0\u00bb||25px|||\u00a0\u00bb global_colors_info=\u00a0\u00bb{}\u00a0\u00bb][et_pb_column type=\u00a0\u00bb4_4&Prime; _builder_version=\u00a0\u00bb4.16&Prime; global_colors_info=\u00a0\u00bb{}\u00a0\u00bb][et_pb_text admin_label=\u00a0\u00bbTitre\u00a0\u00bb _builder_version=\u00a0\u00bb4.16&Prime; header_font=\u00a0\u00bb|300|||||||\u00a0\u00bb header_text_color=\u00a0\u00bb#0a2c71&Prime; header_3_font=\u00a0\u00bb|300||on|||||\u00a0\u00bb header_3_text_align=\u00a0\u00bbcenter\u00a0\u00bb header_3_text_color=\u00a0\u00bb#0a2c71&Prime; header_3_font_size=\u00a0\u00bb30px\u00a0\u00bb header_3_line_height=\u00a0\u00bb1.5em\u00a0\u00bb custom_margin=\u00a0\u00bb||0px||false|false\u00a0\u00bb global_colors_info=\u00a0\u00bb{}\u00a0\u00bb]<\/p>\n<h3>ICOM peut <strong>fournir<\/strong> :<\/h3>\n<p>[\/et_pb_text][et_pb_divider color=\u00a0\u00bb#ae0531&Prime; divider_weight=\u00a0\u00bb2px\u00a0\u00bb _builder_version=\u00a0\u00bb4.16&Prime; width=\u00a0\u00bb80px\u00a0\u00bb module_alignment=\u00a0\u00bbcenter\u00a0\u00bb custom_margin=\u00a0\u00bb||||false|false\u00a0\u00bb custom_padding=\u00a0\u00bb||||false|false\u00a0\u00bb animation_style=\u00a0\u00bbslide\u00a0\u00bb animation_direction=\u00a0\u00bbbottom\u00a0\u00bb locked=\u00a0\u00bboff\u00a0\u00bb global_colors_info=\u00a0\u00bb{}\u00a0\u00bb][\/et_pb_divider][\/et_pb_column][\/et_pb_row][et_pb_row column_structure=\u00a0\u00bb1_3,1_3,1_3&Prime; _builder_version=\u00a0\u00bb4.16&Prime; global_colors_info=\u00a0\u00bb{}\u00a0\u00bb][et_pb_column type=\u00a0\u00bb1_3&Prime; _builder_version=\u00a0\u00bb4.16&Prime; global_colors_info=\u00a0\u00bb{}\u00a0\u00bb][et_pb_blurb title=\u00a0\u00bbUne protection de la t\u00eate\u00a0\u00bb image=\u00a0\u00bbhttps:\/\/icom.com.es\/wp-content\/uploads\/2020\/05\/Head-Protection.jpg\u00a0\u00bb admin_label=\u00a0\u00bbCranes\u00a0\u00bb _builder_version=\u00a0\u00bb4.27.4&Prime; header_text_align=\u00a0\u00bbcenter\u00a0\u00bb link_option_url=\u00a0\u00bb#\u00a0\u00bb global_colors_info=\u00a0\u00bb{}\u00a0\u00bb][\/et_pb_blurb][\/et_pb_column][et_pb_column type=\u00a0\u00bb1_3&Prime; _builder_version=\u00a0\u00bb4.16&Prime; global_colors_info=\u00a0\u00bb{}\u00a0\u00bb][et_pb_blurb title=\u00a0\u00bbUne protection des yeux\u00a0\u00bb image=\u00a0\u00bbhttps:\/\/icom.com.es\/wp-content\/uploads\/2020\/05\/Eye-Protection.jpg\u00a0\u00bb admin_label=\u00a0\u00bbAerial lift\u00a0\u00bb _builder_version=\u00a0\u00bb4.27.4&Prime; header_text_align=\u00a0\u00bbcenter\u00a0\u00bb link_option_url=\u00a0\u00bb#\u00a0\u00bb global_colors_info=\u00a0\u00bb{}\u00a0\u00bb][\/et_pb_blurb][\/et_pb_column][et_pb_column type=\u00a0\u00bb1_3&Prime; _builder_version=\u00a0\u00bb4.16&Prime; global_colors_info=\u00a0\u00bb{}\u00a0\u00bb][et_pb_blurb title=\u00a0\u00bbUne protection des oreilles\u00a0\u00bb image=\u00a0\u00bbhttps:\/\/icom.com.es\/wp-content\/uploads\/2020\/05\/Ear-Protection.jpg\u00a0\u00bb admin_label=\u00a0\u00bbTelehandler\u00a0\u00bb _builder_version=\u00a0\u00bb4.27.4&Prime; header_text_align=\u00a0\u00bbcenter\u00a0\u00bb link_option_url=\u00a0\u00bb#\u00a0\u00bb global_colors_info=\u00a0\u00bb{}\u00a0\u00bb][\/et_pb_blurb][\/et_pb_column][\/et_pb_row][et_pb_row column_structure=\u00a0\u00bb1_3,1_3,1_3&Prime; _builder_version=\u00a0\u00bb4.16&Prime; global_colors_info=\u00a0\u00bb{}\u00a0\u00bb][et_pb_column type=\u00a0\u00bb1_3&Prime; _builder_version=\u00a0\u00bb4.16&Prime; global_colors_info=\u00a0\u00bb{}\u00a0\u00bb][et_pb_blurb title=\u00a0\u00bbUn \u00e9quipement respiratoire\u00a0\u00bb image=\u00a0\u00bbhttps:\/\/icom.com.es\/wp-content\/uploads\/2020\/05\/Respiratory-Equipment.jpg\u00a0\u00bb admin_label=\u00a0\u00bbCranes\u00a0\u00bb _builder_version=\u00a0\u00bb4.27.4&Prime; header_text_align=\u00a0\u00bbcenter\u00a0\u00bb link_option_url=\u00a0\u00bb#\u00a0\u00bb global_colors_info=\u00a0\u00bb{}\u00a0\u00bb][\/et_pb_blurb][\/et_pb_column][et_pb_column type=\u00a0\u00bb1_3&Prime; _builder_version=\u00a0\u00bb4.16&Prime; global_colors_info=\u00a0\u00bb{}\u00a0\u00bb][et_pb_blurb title=\u00a0\u00bbUn \u00e9quipement de soudure\u00a0\u00bb image=\u00a0\u00bbhttps:\/\/icom.com.es\/wp-content\/uploads\/2020\/05\/Welding-Equipment.jpg\u00a0\u00bb admin_label=\u00a0\u00bbAerial lift\u00a0\u00bb _builder_version=\u00a0\u00bb4.27.4&Prime; header_text_align=\u00a0\u00bbcenter\u00a0\u00bb link_option_url=\u00a0\u00bb#\u00a0\u00bb global_colors_info=\u00a0\u00bb{}\u00a0\u00bb][\/et_pb_blurb][\/et_pb_column][et_pb_column type=\u00a0\u00bb1_3&Prime; _builder_version=\u00a0\u00bb4.16&Prime; global_colors_info=\u00a0\u00bb{}\u00a0\u00bb][et_pb_blurb title=\u00a0\u00bbUne protection des mains\u00a0\u00bb image=\u00a0\u00bbhttps:\/\/icom.com.es\/wp-content\/uploads\/2020\/05\/Hand-Protection.jpg\u00a0\u00bb admin_label=\u00a0\u00bbTelehandler\u00a0\u00bb _builder_version=\u00a0\u00bb4.27.4&Prime; header_text_align=\u00a0\u00bbcenter\u00a0\u00bb link_option_url=\u00a0\u00bb#\u00a0\u00bb hover_enabled=\u00a0\u00bb0&Prime; global_colors_info=\u00a0\u00bb{}\u00a0\u00bb title_text=\u00a0\u00bbHand-Protection\u00a0\u00bb sticky_enabled=\u00a0\u00bb0&Prime;][\/et_pb_blurb][\/et_pb_column][\/et_pb_row][et_pb_row column_structure=\u00a0\u00bb1_3,1_3,1_3&Prime; _builder_version=\u00a0\u00bb4.16&Prime; global_colors_info=\u00a0\u00bb{}\u00a0\u00bb][et_pb_column type=\u00a0\u00bb1_3&Prime; _builder_version=\u00a0\u00bb4.16&Prime; global_colors_info=\u00a0\u00bb{}\u00a0\u00bb][et_pb_blurb title=\u00a0\u00bbDes chaussures de protection\u00a0\u00bb image=\u00a0\u00bbhttps:\/\/icom.com.es\/wp-content\/uploads\/2020\/04\/protection-equipment.jpg\u00a0\u00bb admin_label=\u00a0\u00bbCranes\u00a0\u00bb _builder_version=\u00a0\u00bb4.27.4&Prime; header_text_align=\u00a0\u00bbcenter\u00a0\u00bb link_option_url=\u00a0\u00bb#\u00a0\u00bb hover_enabled=\u00a0\u00bb0&Prime; global_colors_info=\u00a0\u00bb{}\u00a0\u00bb title_text=\u00a0\u00bbprotection-equipment\u00a0\u00bb sticky_enabled=\u00a0\u00bb0&Prime;][\/et_pb_blurb][\/et_pb_column][et_pb_column type=\u00a0\u00bb1_3&Prime; _builder_version=\u00a0\u00bb4.16&Prime; global_colors_info=\u00a0\u00bb{}\u00a0\u00bb][et_pb_blurb title=\u00a0\u00bbDes v\u00eatements Hi Vis\u00a0\u00bb image=\u00a0\u00bbhttps:\/\/icom.com.es\/wp-content\/uploads\/2020\/05\/Hi-Vis-Clothing.jpg\u00a0\u00bb admin_label=\u00a0\u00bbAerial lift\u00a0\u00bb _builder_version=\u00a0\u00bb4.27.4&Prime; header_text_align=\u00a0\u00bbcenter\u00a0\u00bb link_option_url=\u00a0\u00bb#\u00a0\u00bb hover_enabled=\u00a0\u00bb0&Prime; global_colors_info=\u00a0\u00bb{}\u00a0\u00bb title_text=\u00a0\u00bbHi-Vis-Clothing\u00a0\u00bb sticky_enabled=\u00a0\u00bb0&Prime;][\/et_pb_blurb][\/et_pb_column][et_pb_column type=\u00a0\u00bb1_3&Prime; _builder_version=\u00a0\u00bb4.16&Prime; global_colors_info=\u00a0\u00bb{}\u00a0\u00bb][et_pb_blurb title=\u00a0\u00bbDes v\u00eatements Rail Hi Vis\u00a0\u00bb image=\u00a0\u00bbhttps:\/\/icom.com.es\/wp-content\/uploads\/2020\/05\/Rail-Hi-Vis-Clothing.jpg\u00a0\u00bb admin_label=\u00a0\u00bbTelehandler\u00a0\u00bb _builder_version=\u00a0\u00bb4.27.4&Prime; header_text_align=\u00a0\u00bbcenter\u00a0\u00bb link_option_url=\u00a0\u00bb#\u00a0\u00bb hover_enabled=\u00a0\u00bb0&Prime; global_colors_info=\u00a0\u00bb{}\u00a0\u00bb sticky_enabled=\u00a0\u00bb0&Prime;][\/et_pb_blurb][\/et_pb_column][\/et_pb_row][et_pb_row column_structure=\u00a0\u00bb1_3,1_3,1_3&Prime; _builder_version=\u00a0\u00bb4.16&Prime; global_colors_info=\u00a0\u00bb{}\u00a0\u00bb][et_pb_column type=\u00a0\u00bb1_3&Prime; _builder_version=\u00a0\u00bb4.16&Prime; global_colors_info=\u00a0\u00bb{}\u00a0\u00bb][et_pb_blurb title=\u00a0\u00bbUn \u00e9quipement de protection contre les chutes\u00a0\u00bb image=\u00a0\u00bbhttps:\/\/icom.com.es\/wp-content\/uploads\/2020\/05\/Fall-Protection-Equipmen.jpg\u00a0\u00bb admin_label=\u00a0\u00bbCranes\u00a0\u00bb _builder_version=\u00a0\u00bb4.27.4&Prime; header_text_align=\u00a0\u00bbcenter\u00a0\u00bb link_option_url=\u00a0\u00bb#\u00a0\u00bb global_colors_info=\u00a0\u00bb{}\u00a0\u00bb][\/et_pb_blurb][\/et_pb_column][et_pb_column type=\u00a0\u00bb1_3&Prime; _builder_version=\u00a0\u00bb4.16&Prime; global_colors_info=\u00a0\u00bb{}\u00a0\u00bb][et_pb_blurb title=\u00a0\u00bbUne s\u00e9curit\u00e9 maritime\u00a0\u00bb image=\u00a0\u00bbhttps:\/\/icom.com.es\/wp-content\/uploads\/2020\/05\/Marine-Safety.jpg\u00a0\u00bb admin_label=\u00a0\u00bbAerial lift\u00a0\u00bb _builder_version=\u00a0\u00bb4.27.4&Prime; header_text_align=\u00a0\u00bbcenter\u00a0\u00bb link_option_url=\u00a0\u00bb#\u00a0\u00bb hover_enabled=\u00a0\u00bb0&Prime; global_colors_info=\u00a0\u00bb{}\u00a0\u00bb sticky_enabled=\u00a0\u00bb0&Prime;][\/et_pb_blurb][\/et_pb_column][et_pb_column type=\u00a0\u00bb1_3&Prime; _builder_version=\u00a0\u00bb4.16&Prime; global_colors_info=\u00a0\u00bb{}\u00a0\u00bb][\/et_pb_column][\/et_pb_row][\/et_pb_section][et_pb_section fb_built=\u00a0\u00bb1&Prime; _builder_version=\u00a0\u00bb4.16&Prime; background_color=\u00a0\u00bb#f5f5f5&Prime; custom_padding=\u00a0\u00bb5vh||5vh||true|false\u00a0\u00bb top_divider_color=\u00a0\u00bb#ffffff\u00a0\u00bb global_colors_info=\u00a0\u00bb{}\u00a0\u00bb][et_pb_row _builder_version=\u00a0\u00bb4.16&Prime; custom_padding=\u00a0\u00bb||25px|||\u00a0\u00bb global_colors_info=\u00a0\u00bb{}\u00a0\u00bb][et_pb_column type=\u00a0\u00bb4_4&Prime; _builder_version=\u00a0\u00bb4.16&Prime; global_colors_info=\u00a0\u00bb{}\u00a0\u00bb][et_pb_text admin_label=\u00a0\u00bbTitre\u00a0\u00bb _builder_version=\u00a0\u00bb4.16&Prime; header_font=\u00a0\u00bb|300|||||||\u00a0\u00bb header_text_color=\u00a0\u00bb#0a2c71&Prime; header_3_font=\u00a0\u00bb|300||on|||||\u00a0\u00bb header_3_text_align=\u00a0\u00bbcenter\u00a0\u00bb header_3_text_color=\u00a0\u00bb#0a2c71&Prime; header_3_font_size=\u00a0\u00bb30px\u00a0\u00bb header_3_line_height=\u00a0\u00bb1.5em\u00a0\u00bb custom_margin=\u00a0\u00bb||0px||false|false\u00a0\u00bb global_colors_info=\u00a0\u00bb{}\u00a0\u00bb]<\/p>\n<h3>Contactez-<strong>nous<\/strong><\/h3>\n<p>[\/et_pb_text][et_pb_divider color=\u00a0\u00bb#ae0531&Prime; divider_weight=\u00a0\u00bb2px\u00a0\u00bb _builder_version=\u00a0\u00bb4.16&Prime; width=\u00a0\u00bb80px\u00a0\u00bb module_alignment=\u00a0\u00bbcenter\u00a0\u00bb custom_margin=\u00a0\u00bb||||false|false\u00a0\u00bb custom_padding=\u00a0\u00bb||||false|false\u00a0\u00bb animation_style=\u00a0\u00bbslide\u00a0\u00bb animation_direction=\u00a0\u00bbbottom\u00a0\u00bb locked=\u00a0\u00bboff\u00a0\u00bb global_colors_info=\u00a0\u00bb{}\u00a0\u00bb][\/et_pb_divider][\/et_pb_column][\/et_pb_row][et_pb_row column_structure=\u00a0\u00bb1_3,1_3,1_3&Prime; module_class=\u00a0\u00bbcontact-icons\u00a0\u00bb _builder_version=\u00a0\u00bb4.16&Prime; global_colors_info=\u00a0\u00bb{}\u00a0\u00bb][et_pb_column type=\u00a0\u00bb1_3&Prime; _builder_version=\u00a0\u00bb4.16&Prime; global_colors_info=\u00a0\u00bb{}\u00a0\u00bb][et_pb_blurb title=\u00a0\u00bbPol\u00edgono Industrial Palmones I\u00a0\u00bb use_icon=\u00a0\u00bbon\u00a0\u00bb font_icon=\u00a0\u00bb&#xe081;||divi||400&Prime; icon_color=\u00a0\u00bb#ae0531&Prime; image_icon_width=\u00a0\u00bb25px\u00a0\u00bb _builder_version=\u00a0\u00bb4.16&Prime; text_orientation=\u00a0\u00bbcenter\u00a0\u00bb custom_margin=\u00a0\u00bb||||false|false\u00a0\u00bb custom_padding=\u00a0\u00bb||||false|false\u00a0\u00bb animation_style=\u00a0\u00bbslide\u00a0\u00bb animation_direction=\u00a0\u00bbbottom\u00a0\u00bb animation_intensity_slide=\u00a0\u00bb10%\u00a0\u00bb animation=\u00a0\u00bboff\u00a0\u00bb icon_font_size=\u00a0\u00bb25px\u00a0\u00bb global_colors_info=\u00a0\u00bb{}\u00a0\u00bb]<\/p>\n<p>C\/Fragata, 17 (Esq. C\/Gale\u00f3n) 11379<br \/> Los Barrios &#8211; C\u00e1diz<\/p>\n<p>[\/et_pb_blurb][\/et_pb_column][et_pb_column type=\u00a0\u00bb1_3&Prime; _builder_version=\u00a0\u00bb4.16&Prime; global_colors_info=\u00a0\u00bb{}\u00a0\u00bb][et_pb_blurb title=\u00a0\u00bbT\u00e9l\u00e9phone\u00a0\u00bb use_icon=\u00a0\u00bbon\u00a0\u00bb font_icon=\u00a0\u00bb&#xe090;||divi||400&Prime; icon_color=\u00a0\u00bb#ae0531&Prime; image_icon_width=\u00a0\u00bb25px\u00a0\u00bb _builder_version=\u00a0\u00bb4.16&Prime; text_orientation=\u00a0\u00bbcenter\u00a0\u00bb custom_margin=\u00a0\u00bb||||false|false\u00a0\u00bb custom_padding=\u00a0\u00bb||||false|false\u00a0\u00bb animation_style=\u00a0\u00bbslide\u00a0\u00bb animation_direction=\u00a0\u00bbbottom\u00a0\u00bb animation_intensity_slide=\u00a0\u00bb10%\u00a0\u00bb animation=\u00a0\u00bboff\u00a0\u00bb icon_font_size=\u00a0\u00bb25px\u00a0\u00bb global_colors_info=\u00a0\u00bb{}\u00a0\u00bb]<\/p>\n<p>+34 856 09 10 09<\/p>\n<p>[\/et_pb_blurb][\/et_pb_column][et_pb_column type=\u00a0\u00bb1_3&Prime; _builder_version=\u00a0\u00bb4.16&Prime; global_colors_info=\u00a0\u00bb{}\u00a0\u00bb][et_pb_blurb title=\u00a0\u00bbE-mail \u00a0\u00bb use_icon=\u00a0\u00bbon\u00a0\u00bb font_icon=\u00a0\u00bb&#xe076;||divi||400&Prime; icon_color=\u00a0\u00bb#ae0531&Prime; image_icon_width=\u00a0\u00bb25px\u00a0\u00bb module_class=\u00a0\u00bbmailto\u00a0\u00bb _builder_version=\u00a0\u00bb4.16&Prime; text_orientation=\u00a0\u00bbcenter\u00a0\u00bb custom_margin=\u00a0\u00bb||||false|false\u00a0\u00bb custom_padding=\u00a0\u00bb||||false|false\u00a0\u00bb animation_style=\u00a0\u00bbslide\u00a0\u00bb animation_direction=\u00a0\u00bbbottom\u00a0\u00bb animation_intensity_slide=\u00a0\u00bb10%\u00a0\u00bb animation=\u00a0\u00bboff\u00a0\u00bb icon_font_size=\u00a0\u00bb25px\u00a0\u00bb global_colors_info=\u00a0\u00bb{}\u00a0\u00bb]<\/p>\n<a href=\"mailto:&#99;&#111;&#109;e&#114;c&#105;a&#108;&#64;ic&#111;&#109;&#98;s.e&#115;\">co&#109;&#101;&#114;ci&#97;l&#64;&#105;&#99;om&#98;&#115;&#46;&#101;&#115;<\/a>\n<p>[\/et_pb_blurb][\/et_pb_column][\/et_pb_row][\/et_pb_section][et_pb_section fb_built=\u00a0\u00bb1&Prime; admin_label=\u00a0\u00bbCTA\u00a0\u00bb _builder_version=\u00a0\u00bb4.16&Prime; background_color=\u00a0\u00bbrgba(0,69,122,0.04)\u00a0\u00bb background_image=\u00a0\u00bbhttps:\/\/icom.com.es\/wp-content\/uploads\/2020\/04\/bg-cta.jpg\u00a0\u00bb background_blend=\u00a0\u00bbdarken\u00a0\u00bb custom_margin=\u00a0\u00bb0px||0px||true|false\u00a0\u00bb custom_padding=\u00a0\u00bb0px||0px||true|false\u00a0\u00bb saved_tabs=\u00a0\u00bball\u00a0\u00bb collapsed=\u00a0\u00bboff\u00a0\u00bb global_colors_info=\u00a0\u00bb{}\u00a0\u00bb][et_pb_row _builder_version=\u00a0\u00bb4.16&Prime; custom_margin=\u00a0\u00bb0px||0px||true|false\u00a0\u00bb custom_padding=\u00a0\u00bb0px||0px||true|false\u00a0\u00bb global_colors_info=\u00a0\u00bb{}\u00a0\u00bb][et_pb_column type=\u00a0\u00bb4_4&Prime; _builder_version=\u00a0\u00bb4.16&Prime; global_colors_info=\u00a0\u00bb{}\u00a0\u00bb][et_pb_cta title=\u00a0\u00bbUne demande ou un besoin sp\u00e9cifique ?\u00a0\u00bb button_url=\u00a0\u00bb@ET-DC@eyJkeW5hbWljIjp0cnVlLCJjb250ZW50IjoicG9zdF9saW5rX3VybF9wYWdlIiwic2V0dGluZ3MiOnsicG9zdF9pZCI6IjQwIn19@\u00a0\u00bb button_text=\u00a0\u00bbContactez-nous\u00a0\u00bb admin_label=\u00a0\u00bbCTA\u00a0\u00bb _builder_version=\u00a0\u00bb4.16&Prime; _dynamic_attributes=\u00a0\u00bbbutton_url\u00a0\u00bb background_enable_color=\u00a0\u00bboff\u00a0\u00bb background_enable_image=\u00a0\u00bboff\u00a0\u00bb background_blend=\u00a0\u00bbdarken\u00a0\u00bb custom_button=\u00a0\u00bbon\u00a0\u00bb button_text_color=\u00a0\u00bb#ffffff\u00a0\u00bb button_bg_color=\u00a0\u00bb#ae0531&Prime; button_border_color=\u00a0\u00bb#ae0531&Prime; custom_padding=\u00a0\u00bb15vh||15vh||true|false\u00a0\u00bb global_colors_info=\u00a0\u00bb{}\u00a0\u00bb]<\/p>\n<p>L&rsquo;\u00e9quipe ICOM est \u00e0 votre disposition<\/p>\n<p>[\/et_pb_cta][\/et_pb_column][\/et_pb_row][\/et_pb_section]<\/p>\n","protected":false},"excerpt":{"rendered":"<p>Produits &amp; services\u00e9QUIPeMENT de protection individuelleVotre s\u00e9curit\u00e9 personnelle est notre affaire et notre plus grande pr\u00e9occupation. Les EPI (\u00e9quipements de protection individuelle) sont essentielles pour la protection de tous les individus sur votre chantier. Il est essentiel de veiller \u00e0 ce que toutes les parties vuln\u00e9rables du corps soient prot\u00e9g\u00e9es par des EPI, notamment la [&hellip;]<\/p>\n","protected":false},"author":5,"featured_media":0,"parent":1001,"menu_order":31,"comment_status":"closed","ping_status":"closed","template":"","meta":{"_et_pb_use_builder":"on","_et_pb_old_content":"","_et_gb_content_width":"","footnotes":""},"class_list":["post-1014","page","type-page","status-publish","hentry"],"_links":{"self":[{"href":"https:\/\/icom.com.es\/fr\/wp-json\/wp\/v2\/pages\/1014","targetHints":{"allow":["GET"]}}],"collection":[{"href":"https:\/\/icom.com.es\/fr\/wp-json\/wp\/v2\/pages"}],"about":[{"href":"https:\/\/icom.com.es\/fr\/wp-json\/wp\/v2\/types\/page"}],"author":[{"embeddable":true,"href":"https:\/\/icom.com.es\/fr\/wp-json\/wp\/v2\/users\/5"}],"replies":[{"embeddable":true,"href":"https:\/\/icom.com.es\/fr\/wp-json\/wp\/v2\/comments?post=1014"}],"version-history":[{"count":0,"href":"https:\/\/icom.com.es\/fr\/wp-json\/wp\/v2\/pages\/1014\/revisions"}],"up":[{"embeddable":true,"href":"https:\/\/icom.com.es\/fr\/wp-json\/wp\/v2\/pages\/1001"}],"wp:attachment":[{"href":"https:\/\/icom.com.es\/fr\/wp-json\/wp\/v2\/media?parent=1014"}],"curies":[{"name":"wp","href":"https:\/\/api.w.org\/{rel}","templated":true}]}}