{"id":1042,"date":"2020-05-12T12:07:06","date_gmt":"2020-05-12T10:07:06","guid":{"rendered":"http:\/\/cloudces.myds.me\/reda\/icom\/our-locations\/"},"modified":"2025-05-30T14:20:20","modified_gmt":"2025-05-30T12:20:20","slug":"nos-implantations","status":"publish","type":"page","link":"https:\/\/icom.com.es\/fr\/nos-implantations\/","title":{"rendered":"Nos implantations"},"content":{"rendered":"<p>[et_pb_section fb_built=\u00a0\u00bb1&Prime; admin_label=\u00a0\u00bbHeader\u00a0\u00bb _builder_version=\u00a0\u00bb4.16&Prime; background_enable_color=\u00a0\u00bboff\u00a0\u00bb background_image=\u00a0\u00bbhttps:\/\/icom.com.es\/wp-content\/uploads\/2020\/05\/bg-header-03.jpg\u00a0\u00bb collapsed=\u00a0\u00bboff\u00a0\u00bb global_colors_info=\u00a0\u00bb{}\u00a0\u00bb][et_pb_row _builder_version=\u00a0\u00bb4.16&Prime; global_colors_info=\u00a0\u00bb{}\u00a0\u00bb][et_pb_column type=\u00a0\u00bb4_4&Prime; _builder_version=\u00a0\u00bb4.16&Prime; global_colors_info=\u00a0\u00bb{}\u00a0\u00bb][et_pb_post_title meta=\u00a0\u00bboff\u00a0\u00bb featured_image=\u00a0\u00bboff\u00a0\u00bb text_color=\u00a0\u00bblight\u00a0\u00bb _builder_version=\u00a0\u00bb4.16&Prime; title_font=\u00a0\u00bb|600||on|||||\u00a0\u00bb title_text_align=\u00a0\u00bbcenter\u00a0\u00bb title_font_size=\u00a0\u00bb40px\u00a0\u00bb global_colors_info=\u00a0\u00bb{}\u00a0\u00bb][\/et_pb_post_title][\/et_pb_column][\/et_pb_row][\/et_pb_section][et_pb_section fb_built=\u00a0\u00bb1&Prime; module_class=\u00a0\u00bbhide-mobile\u00a0\u00bb _builder_version=\u00a0\u00bb4.16&Prime; background_enable_image=\u00a0\u00bboff\u00a0\u00bb background_size=\u00a0\u00bbinitial\u00a0\u00bb width=\u00a0\u00bb100%\u00a0\u00bb height=\u00a0\u00bb892px\u00a0\u00bb global_colors_info=\u00a0\u00bb{}\u00a0\u00bb][et_pb_row _builder_version=\u00a0\u00bb4.16&Prime; global_colors_info=\u00a0\u00bb{}\u00a0\u00bb][et_pb_column type=\u00a0\u00bb4_4&Prime; _builder_version=\u00a0\u00bb4.16&Prime; global_colors_info=\u00a0\u00bb{}\u00a0\u00bb][et_pb_image src=\u00a0\u00bbhttps:\/\/icom.com.es\/wp-content\/uploads\/2020\/05\/map-1.jpg\u00a0\u00bb alt=\u00a0\u00bbWorld map\u00a0\u00bb title_text=\u00a0\u00bbmap\u00a0\u00bb module_class=\u00a0\u00bbno-zoom\u00a0\u00bb _builder_version=\u00a0\u00bb4.27.4&Prime; hover_enabled=\u00a0\u00bb0&Prime; global_colors_info=\u00a0\u00bb{}\u00a0\u00bb sticky_enabled=\u00a0\u00bb0&Prime;][\/et_pb_image][et_pb_text _builder_version=\u00a0\u00bb4.27.4&Prime; hover_enabled=\u00a0\u00bb0&Prime; custom_css_main_element=\u00a0\u00bbposition: absolute;||top: 0;\u00a0\u00bb global_colors_info=\u00a0\u00bb{}\u00a0\u00bb sticky_enabled=\u00a0\u00bb0&Prime;]<\/p>\n<div id=\"lc-morocco\" class=\"location\">\n<div class=\"name\">Maroc<\/div>\n<div class=\"details\">Res. ASSEDK, N\u00b03, Angle Rue Lahore et Sayed Kotb \u2013 Tanger<br \/>T\u00e9l. : +212661053753<br \/>Email : sales@icom.com.es<\/div>\n<\/div>\n<div id=\"lc-spain\" class=\"location\">\n<div class=\"name\">Espagne<\/div>\n<div class=\"details\">Av. Venecia, 7, 11205 Algeciras, C\u00e1diz, Espagne<br \/>T\u00e9l. : +34 956 66 11 86<br \/>E-mail: sales@icom.com.es<\/div>\n<\/div>\n<div id=\"lc-mauritania\" class=\"location\">\n<div class=\"name\">Mauritanie<\/div>\n<div class=\"details\"><b>Eurogrues du sahel<\/b><br \/>Tevragh zeina ilot k ext s4,<br \/>lot 0011 , Nouakchott<br \/>T\u00e9l. : +222 49 84 49 81<br \/>Email : sales@icom.com.es<\/div>\n<\/div>\n<div id=\"lc-senegal\" class=\"location\">\n<div class=\"name\">S\u00e9n\u00e9gal<\/div>\n<div class=\"details\"><b>Eurogrues S\u00e9n\u00e9gal<\/b><br \/>Km 4, Bd du centenaire de Dakar,<br \/>BP 3531, Dakar<br \/>T\u00e9l. : +221 7 77 98 24 58<br \/>Email : sales@icom.com.es<\/div>\n<\/div>\n<div id=\"lc-guinea-conakry\" class=\"location\">\n<div class=\"name\">Guin\u00e9e Conakry<\/div>\n<div class=\"details\"><b>Eurogrues Guin\u00e9e Conakry<\/b><br \/>T\u00e9l. : +212661053753<br \/>Email : sales@icom.com.es<\/div>\n<\/div>\n<div id=\"lc-ivory-coast\" class=\"location\">\n<div class=\"name\">C\u00f4te d&rsquo;Ivoire<\/div>\n<div class=\"details\"><b>Eurogrues C\u00f4te d&rsquo;Ivoire<\/b><br \/>T\u00e9l. : +212661053753<br \/>Email : sales@icom.com.es<\/div>\n<\/div>\n<div id=\"lc-ghana\" class=\"location\">\n<div class=\"name\">Ghana<\/div>\n<div class=\"details\"><b>Eurogrues Ghana<\/b><br \/>T\u00e9l. : +212661053753<br \/>Email : sales@icom.com.es<\/div>\n<\/div>\n<div id=\"lc-nigeria\" class=\"location\">\n<div class=\"name\">Nig\u00e9ria<\/div>\n<div class=\"details\"><b>Eurogrues Nig\u00e9ria<\/b><br \/>39b, feni okunnu road,<br \/>ikoyi, lagos<br \/>Email : sales@icom.com.es<\/div>\n<\/div>\n<div id=\"lc-equatorial-guinea\" class=\"location\">\n<div class=\"name\">Guin\u00e9e \u00c9quatoriale<\/div>\n<div class=\"details\"><b>Eurogrues Guin\u00e9e \u00c9quatoriale<\/b><br \/>ntobo, 00240, bata<br \/>T\u00e9l. : +240 5 55 16 01 40<br \/>Email : sales@icom.com.es<\/div>\n<\/div>\n<p>[\/et_pb_text][\/et_pb_column][\/et_pb_row][\/et_pb_section][et_pb_section fb_built=\u00a0\u00bb1&Prime; admin_label=\u00a0\u00bbCTA\u00a0\u00bb _builder_version=\u00a0\u00bb4.16&Prime; background_color=\u00a0\u00bbrgba(0,69,122,0.04)\u00a0\u00bb background_image=\u00a0\u00bbhttps:\/\/icom.com.es\/wp-content\/uploads\/2020\/04\/bg-cta.jpg\u00a0\u00bb background_blend=\u00a0\u00bbdarken\u00a0\u00bb custom_margin=\u00a0\u00bb0px||0px||true|false\u00a0\u00bb custom_padding=\u00a0\u00bb0px||0px||true|false\u00a0\u00bb saved_tabs=\u00a0\u00bball\u00a0\u00bb collapsed=\u00a0\u00bbon\u00a0\u00bb global_colors_info=\u00a0\u00bb{}\u00a0\u00bb][et_pb_row _builder_version=\u00a0\u00bb4.16&Prime; custom_margin=\u00a0\u00bb0px||0px||true|false\u00a0\u00bb custom_padding=\u00a0\u00bb0px||0px||true|false\u00a0\u00bb global_colors_info=\u00a0\u00bb{}\u00a0\u00bb][et_pb_column type=\u00a0\u00bb4_4&Prime; _builder_version=\u00a0\u00bb4.16&Prime; global_colors_info=\u00a0\u00bb{}\u00a0\u00bb][et_pb_cta title=\u00a0\u00bbDes solutions adapt\u00e9es \u00e0 vos besoins !\u00a0\u00bb button_url=\u00a0\u00bb@ET-DC@eyJkeW5hbWljIjp0cnVlLCJjb250ZW50IjoicG9zdF9saW5rX3VybF9wYWdlIiwic2V0dGluZ3MiOnsicG9zdF9pZCI6Ijc0NyJ9fQ==@\u00a0\u00bb button_text=\u00a0\u00bbNos solutions\u00a0\u00bb admin_label=\u00a0\u00bbCTA\u00a0\u00bb _builder_version=\u00a0\u00bb4.16&Prime; _dynamic_attributes=\u00a0\u00bbbutton_url\u00a0\u00bb background_enable_color=\u00a0\u00bboff\u00a0\u00bb background_enable_image=\u00a0\u00bboff\u00a0\u00bb background_blend=\u00a0\u00bbdarken\u00a0\u00bb custom_button=\u00a0\u00bbon\u00a0\u00bb button_text_color=\u00a0\u00bb#ffffff\u00a0\u00bb button_bg_color=\u00a0\u00bb#ae0531&Prime; button_border_color=\u00a0\u00bb#ae0531&Prime; custom_padding=\u00a0\u00bb15vh||15vh||true|false\u00a0\u00bb global_colors_info=\u00a0\u00bb{}\u00a0\u00bb]<\/p>\n<p>Consultez nos solutions et trouvez celle qui r\u00e9pond le mieux \u00e0 vos besoins<\/p>\n<p>[\/et_pb_cta][\/et_pb_column][\/et_pb_row][\/et_pb_section][et_pb_section fb_built=\u00a0\u00bb1&Prime; module_class=\u00a0\u00bbhide-medium-up\u00a0\u00bb _builder_version=\u00a0\u00bb4.16&Prime; background_color=\u00a0\u00bbrgba(255,255,255,0.25)\u00a0\u00bb background_image=\u00a0\u00bbhttps:\/\/icom.com.es\/wp-content\/uploads\/2020\/05\/map-location.svg\u00a0\u00bb background_blend=\u00a0\u00bboverlay\u00a0\u00bb global_colors_info=\u00a0\u00bb{}\u00a0\u00bb][et_pb_row column_structure=\u00a0\u00bb1_3,1_3,1_3&Prime; _builder_version=\u00a0\u00bb4.16&Prime; custom_margin=\u00a0\u00bb||20px||false|false\u00a0\u00bb custom_padding=\u00a0\u00bb||40px||false|false\u00a0\u00bb animation_style=\u00a0\u00bbslide\u00a0\u00bb animation_direction=\u00a0\u00bbbottom\u00a0\u00bb animation_intensity_slide=\u00a0\u00bb10%\u00a0\u00bb border_width_bottom=\u00a0\u00bb1px\u00a0\u00bb border_color_bottom=\u00a0\u00bb#ccc\u00a0\u00bb global_colors_info=\u00a0\u00bb{}\u00a0\u00bb][et_pb_column type=\u00a0\u00bb1_3&Prime; _builder_version=\u00a0\u00bb4.16&Prime; global_colors_info=\u00a0\u00bb{}\u00a0\u00bb][et_pb_blurb title=\u00a0\u00bbSenegal\u00a0\u00bb use_icon=\u00a0\u00bbon\u00a0\u00bb font_icon=\u00a0\u00bb&#xe01d;||divi||400&Prime; icon_color=\u00a0\u00bb#ae0531&Prime; icon_placement=\u00a0\u00bbleft\u00a0\u00bb image_icon_width=\u00a0\u00bb20px\u00a0\u00bb admin_label=\u00a0\u00bbSenegal\u00a0\u00bb _builder_version=\u00a0\u00bb4.16&Prime; header_level=\u00a0\u00bbh5&Prime; header_font=\u00a0\u00bb|||on|||||\u00a0\u00bb custom_padding=\u00a0\u00bb||||true|true\u00a0\u00bb animation=\u00a0\u00bbbottom\u00a0\u00bb icon_font_size=\u00a0\u00bb20px\u00a0\u00bb global_colors_info=\u00a0\u00bb{}\u00a0\u00bb]<\/p>\n<h5><strong>Eurogrues Senegal<\/strong><\/h5>\n<p>Km 4, Bd du centenaire de Dakar,<br \/>BP 3531, Dakar<br \/>T\u00e9l. : +221 7 77 98 24 58<\/p>\n<p>[\/et_pb_blurb][\/et_pb_column][et_pb_column type=\u00a0\u00bb1_3&Prime; _builder_version=\u00a0\u00bb4.16&Prime; global_colors_info=\u00a0\u00bb{}\u00a0\u00bb][et_pb_blurb title=\u00a0\u00bbMauritania\u00a0\u00bb use_icon=\u00a0\u00bbon\u00a0\u00bb font_icon=\u00a0\u00bb&#xe01d;||divi||400&Prime; icon_color=\u00a0\u00bb#ae0531&Prime; icon_placement=\u00a0\u00bbleft\u00a0\u00bb image_icon_width=\u00a0\u00bb20px\u00a0\u00bb admin_label=\u00a0\u00bbMauritania\u00a0\u00bb _builder_version=\u00a0\u00bb4.16&Prime; header_level=\u00a0\u00bbh5&Prime; header_font=\u00a0\u00bb|||on|||||\u00a0\u00bb custom_padding=\u00a0\u00bb||||true|true\u00a0\u00bb animation=\u00a0\u00bbbottom\u00a0\u00bb icon_font_size=\u00a0\u00bb20px\u00a0\u00bb global_colors_info=\u00a0\u00bb{}\u00a0\u00bb]<\/p>\n<h5>Eurogrues du sahel<\/h5>\n<p>Tevragh zeina ilot k ext s4,<br \/>lot 0011 ,\u00a0 Nouakchott<br \/>T\u00e9l. : +222 49 84 49 81<\/p>\n<p>[\/et_pb_blurb][\/et_pb_column][et_pb_column type=\u00a0\u00bb1_3&Prime; _builder_version=\u00a0\u00bb4.16&Prime; global_colors_info=\u00a0\u00bb{}\u00a0\u00bb][et_pb_blurb title=\u00a0\u00bbEquatorial Guinea\u00a0\u00bb use_icon=\u00a0\u00bbon\u00a0\u00bb font_icon=\u00a0\u00bb&#xe01d;||divi||400&Prime; icon_color=\u00a0\u00bb#ae0531&Prime; icon_placement=\u00a0\u00bbleft\u00a0\u00bb image_icon_width=\u00a0\u00bb20px\u00a0\u00bb admin_label=\u00a0\u00bbEquatorial Guinea\u00a0\u00bb _builder_version=\u00a0\u00bb4.16&Prime; header_level=\u00a0\u00bbh5&Prime; header_font=\u00a0\u00bb|||on|||||\u00a0\u00bb custom_padding=\u00a0\u00bb||||true|true\u00a0\u00bb animation=\u00a0\u00bbbottom\u00a0\u00bb icon_font_size=\u00a0\u00bb20px\u00a0\u00bb global_colors_info=\u00a0\u00bb{}\u00a0\u00bb]<\/p>\n<h5><strong>Eurogrues Equatorial Guinea<\/strong><\/h5>\n<p>ntobo, 00240, bata<br \/>T\u00e9l. : +240 5 55 16 01 40<\/p>\n<p>[\/et_pb_blurb][\/et_pb_column][\/et_pb_row][et_pb_row column_structure=\u00a0\u00bb1_3,1_3,1_3&Prime; _builder_version=\u00a0\u00bb4.16&Prime; custom_margin=\u00a0\u00bb||20px||false|false\u00a0\u00bb custom_padding=\u00a0\u00bb||40px||false|false\u00a0\u00bb animation_style=\u00a0\u00bbslide\u00a0\u00bb animation_direction=\u00a0\u00bbbottom\u00a0\u00bb animation_intensity_slide=\u00a0\u00bb10%\u00a0\u00bb border_width_bottom=\u00a0\u00bb1px\u00a0\u00bb border_color_bottom=\u00a0\u00bb#ccc\u00a0\u00bb global_colors_info=\u00a0\u00bb{}\u00a0\u00bb][et_pb_column type=\u00a0\u00bb1_3&Prime; _builder_version=\u00a0\u00bb4.16&Prime; global_colors_info=\u00a0\u00bb{}\u00a0\u00bb][et_pb_blurb title=\u00a0\u00bbNigeria\u00a0\u00bb use_icon=\u00a0\u00bbon\u00a0\u00bb font_icon=\u00a0\u00bb&#xe01d;||divi||400&Prime; icon_color=\u00a0\u00bb#ae0531&Prime; icon_placement=\u00a0\u00bbleft\u00a0\u00bb image_icon_width=\u00a0\u00bb20px\u00a0\u00bb admin_label=\u00a0\u00bbNigeria\u00a0\u00bb _builder_version=\u00a0\u00bb4.16&Prime; header_level=\u00a0\u00bbh5&Prime; header_font=\u00a0\u00bb|||on|||||\u00a0\u00bb custom_padding=\u00a0\u00bb||||true|true\u00a0\u00bb animation=\u00a0\u00bbbottom\u00a0\u00bb icon_font_size=\u00a0\u00bb20px\u00a0\u00bb global_colors_info=\u00a0\u00bb{}\u00a0\u00bb]<\/p>\n<h5><strong>Eurogrues Nigeria<\/strong><\/h5>\n<p>39b, feni okunnu road,<br \/>ikoyi, lagos<\/p>\n<p>[\/et_pb_blurb][\/et_pb_column][et_pb_column type=\u00a0\u00bb1_3&Prime; _builder_version=\u00a0\u00bb4.16&Prime; global_colors_info=\u00a0\u00bb{}\u00a0\u00bb][et_pb_blurb title=\u00a0\u00bbGuinea Conakry\u00a0\u00bb use_icon=\u00a0\u00bbon\u00a0\u00bb font_icon=\u00a0\u00bb&#xe01d;||divi||400&Prime; icon_color=\u00a0\u00bb#ae0531&Prime; icon_placement=\u00a0\u00bbleft\u00a0\u00bb image_icon_width=\u00a0\u00bb20px\u00a0\u00bb admin_label=\u00a0\u00bbGuinea Conakry\u00a0\u00bb _builder_version=\u00a0\u00bb4.16&Prime; header_level=\u00a0\u00bbh5&Prime; header_font=\u00a0\u00bb|||on|||||\u00a0\u00bb custom_padding=\u00a0\u00bb||||true|true\u00a0\u00bb animation=\u00a0\u00bbbottom\u00a0\u00bb icon_font_size=\u00a0\u00bb20px\u00a0\u00bb global_colors_info=\u00a0\u00bb{}\u00a0\u00bb]<\/p>\n<h5><strong>Eurogrues Guinea Conakry<\/strong><\/h5>\n<p>T\u00e9l. : +212661053753<br \/>Email : <a href=\"mailto:&#109;&#98;i&#108;al&#64;&#101;ur&#111;&#103;&#114;u&#101;sa&#102;r&#105;&#113;&#117;e&#46;c&#111;m\">&#109;b&#105;&#108;&#97;l&#64;&#101;uro&#103;&#114;ue&#115;a&#102;&#114;&#105;&#113;u&#101;.c&#111;m<\/a><\/p>\n<p>[\/et_pb_blurb][\/et_pb_column][et_pb_column type=\u00a0\u00bb1_3&Prime; _builder_version=\u00a0\u00bb4.16&Prime; global_colors_info=\u00a0\u00bb{}\u00a0\u00bb][et_pb_blurb title=\u00a0\u00bbIvory Coast\u00a0\u00bb use_icon=\u00a0\u00bbon\u00a0\u00bb font_icon=\u00a0\u00bb&#xe01d;||divi||400&Prime; icon_color=\u00a0\u00bb#ae0531&Prime; icon_placement=\u00a0\u00bbleft\u00a0\u00bb image_icon_width=\u00a0\u00bb20px\u00a0\u00bb admin_label=\u00a0\u00bbIvory Coast\u00a0\u00bb _builder_version=\u00a0\u00bb4.16&Prime; header_level=\u00a0\u00bbh5&Prime; header_font=\u00a0\u00bb|||on|||||\u00a0\u00bb custom_padding=\u00a0\u00bb||||true|true\u00a0\u00bb animation=\u00a0\u00bbbottom\u00a0\u00bb icon_font_size=\u00a0\u00bb20px\u00a0\u00bb global_colors_info=\u00a0\u00bb{}\u00a0\u00bb]<\/p>\n<h5><strong>Eurogrues Ivory Coast<\/strong><\/h5>\n<p>T\u00e9l. : +212661053753<br \/>Email : <a href=\"mailto:&#109;&#98;&#105;l&#97;l&#64;&#101;urog&#114;&#117;esa&#102;ri&#113;&#117;e&#46;c&#111;m\">&#109;&#98;&#105;&#108;al&#64;e&#117;&#114;o&#103;&#114;&#117;&#101;s&#97;friqu&#101;&#46;com<\/a><\/p>\n<p>[\/et_pb_blurb][\/et_pb_column][\/et_pb_row][et_pb_row column_structure=\u00a0\u00bb1_3,1_3,1_3&Prime; _builder_version=\u00a0\u00bb4.16&Prime; custom_margin=\u00a0\u00bb||20px||false|false\u00a0\u00bb custom_padding=\u00a0\u00bb||40px||false|false\u00a0\u00bb animation_style=\u00a0\u00bbslide\u00a0\u00bb animation_direction=\u00a0\u00bbbottom\u00a0\u00bb animation_intensity_slide=\u00a0\u00bb10%\u00a0\u00bb global_colors_info=\u00a0\u00bb{}\u00a0\u00bb][et_pb_column type=\u00a0\u00bb1_3&Prime; _builder_version=\u00a0\u00bb4.16&Prime; global_colors_info=\u00a0\u00bb{}\u00a0\u00bb][et_pb_blurb title=\u00a0\u00bbGhana\u00a0\u00bb use_icon=\u00a0\u00bbon\u00a0\u00bb font_icon=\u00a0\u00bb&#xe01d;||divi||400&Prime; icon_color=\u00a0\u00bb#ae0531&Prime; icon_placement=\u00a0\u00bbleft\u00a0\u00bb image_icon_width=\u00a0\u00bb20px\u00a0\u00bb admin_label=\u00a0\u00bbGhana\u00a0\u00bb _builder_version=\u00a0\u00bb4.16&Prime; header_level=\u00a0\u00bbh5&Prime; header_font=\u00a0\u00bb|||on|||||\u00a0\u00bb custom_padding=\u00a0\u00bb||||true|true\u00a0\u00bb animation=\u00a0\u00bbbottom\u00a0\u00bb icon_font_size=\u00a0\u00bb20px\u00a0\u00bb global_colors_info=\u00a0\u00bb{}\u00a0\u00bb]<\/p>\n<h5><strong>Eurogrues Ghana<\/strong><\/h5>\n<p>T\u00e9l. : +212661053753<br \/>Email : <a href=\"mailto:m&#98;&#105;l&#97;l&#64;&#101;&#117;ro&#103;r&#117;&#101;s&#97;fri&#113;ue.c&#111;&#109;\">mbi&#108;&#97;l&#64;e&#117;r&#111;gr&#117;e&#115;a&#102;riqu&#101;.&#99;&#111;m<\/a><\/p>\n<p>[\/et_pb_blurb][\/et_pb_column][et_pb_column type=\u00a0\u00bb1_3&Prime; _builder_version=\u00a0\u00bb4.16&Prime; global_colors_info=\u00a0\u00bb{}\u00a0\u00bb][\/et_pb_column][et_pb_column type=\u00a0\u00bb1_3&Prime; _builder_version=\u00a0\u00bb4.16&Prime; global_colors_info=\u00a0\u00bb{}\u00a0\u00bb][\/et_pb_column][\/et_pb_row][\/et_pb_section]<\/p>\n","protected":false},"excerpt":{"rendered":"<p>Maroc Res. ASSEDK, N\u00b03, Angle Rue Lahore et Sayed Kotb \u2013 TangerT\u00e9l. : +212661053753Email : sales@icom.com.es Espagne Av. Venecia, 7, 11205 Algeciras, C\u00e1diz, EspagneT\u00e9l. : +34 956 66 11 86E-mail: sales@icom.com.es Mauritanie Eurogrues du sahelTevragh zeina ilot k ext s4,lot 0011 , NouakchottT\u00e9l. : +222 49 84 49 81Email : sales@icom.com.es S\u00e9n\u00e9gal Eurogrues S\u00e9n\u00e9galKm 4, [&hellip;]<\/p>\n","protected":false},"author":5,"featured_media":0,"parent":0,"menu_order":39,"comment_status":"closed","ping_status":"closed","template":"","meta":{"_et_pb_use_builder":"on","_et_pb_old_content":"","_et_gb_content_width":"","footnotes":""},"class_list":["post-1042","page","type-page","status-publish","hentry"],"_links":{"self":[{"href":"https:\/\/icom.com.es\/fr\/wp-json\/wp\/v2\/pages\/1042","targetHints":{"allow":["GET"]}}],"collection":[{"href":"https:\/\/icom.com.es\/fr\/wp-json\/wp\/v2\/pages"}],"about":[{"href":"https:\/\/icom.com.es\/fr\/wp-json\/wp\/v2\/types\/page"}],"author":[{"embeddable":true,"href":"https:\/\/icom.com.es\/fr\/wp-json\/wp\/v2\/users\/5"}],"replies":[{"embeddable":true,"href":"https:\/\/icom.com.es\/fr\/wp-json\/wp\/v2\/comments?post=1042"}],"version-history":[{"count":0,"href":"https:\/\/icom.com.es\/fr\/wp-json\/wp\/v2\/pages\/1042\/revisions"}],"wp:attachment":[{"href":"https:\/\/icom.com.es\/fr\/wp-json\/wp\/v2\/media?parent=1042"}],"curies":[{"name":"wp","href":"https:\/\/api.w.org\/{rel}","templated":true}]}}